{"id":48,"date":"2012-05-10T19:30:54","date_gmt":"2012-05-10T19:30:54","guid":{"rendered":"http:\/\/www.paweljaniszewski.pl\/?page_id=48"},"modified":"2013-05-30T20:14:46","modified_gmt":"2013-05-30T20:14:46","slug":"bobr","status":"publish","type":"page","link":"https:\/\/www.paweljaniszewski.pl\/?page_id=48","title":{"rendered":"B\u00f3br"},"content":{"rendered":"<p>W 2013 roku zosta\u0142a wydana ksi\u0105\u017cka autorstwa: Janiszewski Pawe\u0142 i Misiukiewicz Wojciech pt. :<strong> B\u00f3br europejski<em> Castor fiber<\/em><\/strong><\/p>\n<p><a href=\"http:\/\/www.paweljaniszewski.pl\/wp-content\/uploads\/2012\/05\/okladka2.jpg\"><img loading=\"lazy\" class=\"alignnone size-thumbnail wp-image-116\" title=\"okladka2\" src=\"http:\/\/www.paweljaniszewski.pl\/wp-content\/uploads\/2012\/05\/okladka2-150x150.jpg\" alt=\"ok\u0142adka ksi\u0105\u017cki\" width=\"150\" height=\"150\" \/><\/a><\/p>\n<p>&nbsp;<\/p>\n<p>B\u00f3br europejski <em>Castor fiber<\/em> jest zwierz\u0119ciem, kt\u00f3rym od dawna si\u0119 fascynuj\u0119. Jego biologia, ekologia oraz&#8230; inteligencja s\u0105 unikalne w \u015bwiecie zwierz\u0105t.<\/p>\n<p><a href=\"http:\/\/www.paweljaniszewski.pl\/wp-content\/uploads\/2012\/05\/bobry.jpg\"><img loading=\"lazy\" class=\"alignnone size-thumbnail wp-image-52\" title=\"bobry\" src=\"http:\/\/www.paweljaniszewski.pl\/wp-content\/uploads\/2012\/05\/bobry-150x150.jpg\" alt=\"\" width=\"150\" height=\"150\" \/><\/a><\/p>\n<p><strong><\/strong><span style=\"color: #008080;\"><strong><em><br style=\"color: #ff0000;\" \/><\/em><\/strong><\/span><\/p>\n<p>W 2012 roku prowadzi\u0142em szkolenie zlecone przez Generaln\u0105 Dyrekcj\u0119 Ochrony \u015arodowiska w Warszawie dotycz\u0105ce sposob\u00f3w inwentaryzacji kolonii bobrowych. Za\u0142\u0105czam poni\u017cej fragment prezentacji z tego szkolenia. W razie pyta\u0144 prosz\u0105 o e-mail na adres zamieszczony w zak\u0142adce : &#8222;Kontakt ze mn\u0105&#8221; <a href=\"http:\/\/www.paweljaniszewski.pl\/wp-content\/uploads\/2012\/05\/Inwent-bobry2.ppt\">Inwent-bobry2<\/a><\/p>\n","protected":false},"excerpt":{"rendered":"<p>W 2013 roku zosta\u0142a wydana ksi\u0105\u017cka autorstwa: Janiszewski Pawe\u0142 i Misiukiewicz Wojciech pt. : B\u00f3br europejski Castor fiber &nbsp; B\u00f3br europejski Castor fiber jest zwierz\u0119ciem, kt\u00f3rym od dawna si\u0119 fascynuj\u0119. Jego biologia, ekologia oraz&#8230; inteligencja s\u0105 unikalne w \u015bwiecie zwierz\u0105t. &hellip; <a href=\"https:\/\/www.paweljaniszewski.pl\/?page_id=48\">Czytaj dalej <span class=\"meta-nav\">&rarr;<\/span><\/a><\/p>\n","protected":false},"author":1,"featured_media":0,"parent":0,"menu_order":0,"comment_status":"closed","ping_status":"closed","template":"","meta":[],"_links":{"self":[{"href":"https:\/\/www.paweljaniszewski.pl\/index.php?rest_route=\/wp\/v2\/pages\/48"}],"collection":[{"href":"https:\/\/www.paweljaniszewski.pl\/index.php?rest_route=\/wp\/v2\/pages"}],"about":[{"href":"https:\/\/www.paweljaniszewski.pl\/index.php?rest_route=\/wp\/v2\/types\/page"}],"author":[{"embeddable":true,"href":"https:\/\/www.paweljaniszewski.pl\/index.php?rest_route=\/wp\/v2\/users\/1"}],"replies":[{"embeddable":true,"href":"https:\/\/www.paweljaniszewski.pl\/index.php?rest_route=%2Fwp%2Fv2%2Fcomments&post=48"}],"version-history":[{"count":14,"href":"https:\/\/www.paweljaniszewski.pl\/index.php?rest_route=\/wp\/v2\/pages\/48\/revisions"}],"predecessor-version":[{"id":51,"href":"https:\/\/www.paweljaniszewski.pl\/index.php?rest_route=\/wp\/v2\/pages\/48\/revisions\/51"}],"wp:attachment":[{"href":"https:\/\/www.paweljaniszewski.pl\/index.php?rest_route=%2Fwp%2Fv2%2Fmedia&parent=48"}],"curies":[{"name":"wp","href":"https:\/\/api.w.org\/{rel}","templated":true}]}}