{"id":31,"date":"2012-08-05T16:13:29","date_gmt":"2012-08-05T16:13:29","guid":{"rendered":"http:\/\/www.paweljaniszewski.pl\/?page_id=31"},"modified":"2012-08-06T22:20:35","modified_gmt":"2012-08-06T22:20:35","slug":"kontakt-ze-mna","status":"publish","type":"page","link":"https:\/\/www.paweljaniszewski.pl\/","title":{"rendered":"Kontakt ze mn\u0105"},"content":{"rendered":"<p>Wszystkich zainteresowanych skontaktowaniem si\u0119 ze mn\u0105 w sprawach opisanych na mojej stronie (i nie tylko) prosz\u0119 o e-mail na adres: kontakt@paweljaniszewski.pl<\/p>\n<p>&nbsp;<\/p>\n","protected":false},"excerpt":{"rendered":"<p>Wszystkich zainteresowanych skontaktowaniem si\u0119 ze mn\u0105 w sprawach opisanych na mojej stronie (i nie tylko) prosz\u0119 o e-mail na adres: kontakt@paweljaniszewski.pl &nbsp;<\/p>\n","protected":false},"author":1,"featured_media":0,"parent":0,"menu_order":0,"comment_status":"closed","ping_status":"closed","template":"","meta":[],"_links":{"self":[{"href":"https:\/\/www.paweljaniszewski.pl\/index.php?rest_route=\/wp\/v2\/pages\/31"}],"collection":[{"href":"https:\/\/www.paweljaniszewski.pl\/index.php?rest_route=\/wp\/v2\/pages"}],"about":[{"href":"https:\/\/www.paweljaniszewski.pl\/index.php?rest_route=\/wp\/v2\/types\/page"}],"author":[{"embeddable":true,"href":"https:\/\/www.paweljaniszewski.pl\/index.php?rest_route=\/wp\/v2\/users\/1"}],"replies":[{"embeddable":true,"href":"https:\/\/www.paweljaniszewski.pl\/index.php?rest_route=%2Fwp%2Fv2%2Fcomments&post=31"}],"version-history":[{"count":6,"href":"https:\/\/www.paweljaniszewski.pl\/index.php?rest_route=\/wp\/v2\/pages\/31\/revisions"}],"predecessor-version":[{"id":66,"href":"https:\/\/www.paweljaniszewski.pl\/index.php?rest_route=\/wp\/v2\/pages\/31\/revisions\/66"}],"wp:attachment":[{"href":"https:\/\/www.paweljaniszewski.pl\/index.php?rest_route=%2Fwp%2Fv2%2Fmedia&parent=31"}],"curies":[{"name":"wp","href":"https:\/\/api.w.org\/{rel}","templated":true}]}}