{"id":22,"date":"2012-05-10T12:03:13","date_gmt":"2012-05-10T12:03:13","guid":{"rendered":"http:\/\/www.paweljaniszewski.pl\/?page_id=22"},"modified":"2012-09-14T19:57:05","modified_gmt":"2012-09-14T19:57:05","slug":"termowizja","status":"publish","type":"page","link":"https:\/\/www.paweljaniszewski.pl\/?page_id=22","title":{"rendered":"Termowizja"},"content":{"rendered":"<p>Wsp\u00f3\u0142czesna technika pozwala na nowoczesne badania i obserwacje. Wielu mo\u017cliwo\u015bci dostarcza termowizja, kt\u00f3r\u0105 z powodzeniem mo\u017cna zastosowa\u0107 w gospodarce \u0142owieckiej i zoologii.<\/p>\n<p><a href=\"http:\/\/www.paweljaniszewski.pl\/wp-content\/uploads\/2012\/05\/IR000006.jpg\"><img loading=\"lazy\" class=\"alignnone  wp-image-23\" title=\"IR000006\" src=\"http:\/\/www.paweljaniszewski.pl\/wp-content\/uploads\/2012\/05\/IR000006-300x225.jpg\" alt=\"\" width=\"300\" height=\"225\" srcset=\"https:\/\/www.paweljaniszewski.pl\/wp-content\/uploads\/2012\/05\/IR000006-300x225.jpg 300w, https:\/\/www.paweljaniszewski.pl\/wp-content\/uploads\/2012\/05\/IR000006.jpg 384w\" sizes=\"(max-width: 300px) 100vw, 300px\" \/><\/a><\/p>\n<p><a href=\"http:\/\/www.paweljaniszewski.pl\/wp-content\/uploads\/2012\/08\/IR000005.jpg\"><img loading=\"lazy\" class=\"alignnone size-medium wp-image-72\" title=\"IR000005\" src=\"http:\/\/www.paweljaniszewski.pl\/wp-content\/uploads\/2012\/08\/IR000005-300x225.jpg\" alt=\"\" width=\"300\" height=\"225\" srcset=\"https:\/\/www.paweljaniszewski.pl\/wp-content\/uploads\/2012\/08\/IR000005-300x225.jpg 300w, https:\/\/www.paweljaniszewski.pl\/wp-content\/uploads\/2012\/08\/IR000005.jpg 384w\" sizes=\"(max-width: 300px) 100vw, 300px\" \/><\/a><\/p>\n<p>Tak wygl\u0105da m\u00f3j pies w obrazie termowizyjnym.<\/p>\n<p>W najbli\u017cszym czasie zaprezentuj\u0119 wst\u0119pne wyniki moich bada\u0144 naukowych zwi\u0105zanych z zoologi\u0105, gospodark\u0105 \u0142owieck\u0105 oraz hodowl\u0105 fermow\u0105 jeleni i danieli z zastosowaniem\u00a0 termowizji.<\/p>\n<p>&nbsp;<\/p>\n<p>Poni\u017cej zamieszczam fragment mojego artyku\u0142u, kt\u00f3ry w ca\u0142o\u015bci zosta\u0142 opublikowany w czasopi\u015bmie Bra\u0107 \u0141owiecka (6\/2012).<\/p>\n<p align=\"center\"><strong>Zastosowanie termowizji w \u0142owiectwie<\/strong><\/p>\n<p>Ka\u017cde cia\u0142o, kt\u00f3rego temperatura jest wy\u017csza od zera bezwzgl\u0119dnego (0<sup>o<\/sup>K), emituje fale elektromagnetyczne, nazywane popularnie podczerwonymi. Cia\u0142o zwierz\u0105t emituje promieniowanie podczerwone w zakresie od 3 do 50\u03bcm. Dzi\u0119ki odpowiednim urz\u0105dzeniom energia promieniowania cieplnego mo\u017ce by\u0107 przetwarzana na sygna\u0142 elektryczny, ulegaj\u0105cy wzmocnieniu, a nast\u0119pnie przekonwertowaniu na posta\u0107 cyfrow\u0105 i zamianie temperatur poszczeg\u00f3lnych punkt\u00f3w na powierzchni na piksele o odpowiadaj\u0105cej im barwie. W ten spos\u00f3b powstaje termogram, b\u0119d\u0105cy kolorow\u0105 map\u0105 rozk\u0142adu temperatur badanego obiektu i jego otoczenia. Dodatkowo, dzi\u0119ki temu termowizja (IRT) znajduje szerokie zastosowanie w r\u00f3\u017cnych dziedzinach nauki i \u017cycia codziennego.<\/p>\n<p>Ju\u017c w latach 70-tych ubieg\u0142ego wieku, w Ameryce P\u00f3\u0142nocnej przeprowadzono badania, w kt\u00f3rych por\u00f3wnywano skuteczno\u015b\u0107 dzia\u0142ania termowizyjnych detektor\u00f3w o r\u00f3\u017cnej czu\u0142o\u015bci, w wykrywaniu jeleni wirgi\u0144skich <em>Odocoileus virginianus<\/em> z powietrza, na r\u00f3\u017cnej wysoko\u015bci oraz przy panuj\u0105cych r\u00f3\u017cnych warunkach pogodowych. Stwierdzono, \u017ce mo\u017cliwe jest wykrycie jeleni z wysoko\u015bci 300 m, o ile teren nie jest poro\u015bni\u0119ty g\u0119st\u0105 ro\u015blinno\u015bci\u0105. Ponadto, naukowcy doszli do wniosku, \u017ce tego typu prace najlepiej wykonywa\u0107 noc\u0105 lub w czasie dnia, kiedy niebo jest zachmurzone, a najwi\u0119ksz\u0105 skuteczno\u015b\u0107 uzyskuje si\u0119 na stosunkowo p\u0142askim terenie pozbawionym g\u0119stego poszycia.<\/p>\n<p><a href=\"http:\/\/www.paweljaniszewski.pl\/wp-content\/uploads\/2012\/09\/IR000951.jpg\"><img loading=\"lazy\" class=\"alignnone size-thumbnail wp-image-106\" title=\"Chmara jeleni\" src=\"http:\/\/www.paweljaniszewski.pl\/wp-content\/uploads\/2012\/09\/IR000951-150x150.jpg\" alt=\"\" width=\"150\" height=\"150\" \/><\/a><a href=\"http:\/\/www.paweljaniszewski.pl\/wp-content\/uploads\/2012\/09\/IR000950.jpg\"><img loading=\"lazy\" class=\"alignnone size-thumbnail wp-image-105\" title=\"Chmara jeleni2\" src=\"http:\/\/www.paweljaniszewski.pl\/wp-content\/uploads\/2012\/09\/IR000950-150x150.jpg\" alt=\"\" width=\"150\" height=\"150\" \/><\/a><\/p>\n<p>Termowizja mo\u017ce by\u0107 natomiast bardzo przydatna podczas wyszukiwania ciel\u0105t b\u0105d\u017a ko\u017al\u0105t na okre\u015blonym terenie. Jak wiadomo, u tych m\u0142odocianych osobnik\u00f3w wyst\u0119puje naturalne zachowanie polegaj\u0105ce na ukrywaniu si\u0119 w trawie, gdzie zwierz\u0119 przebywa wi\u0119kszo\u015b\u0107 czasu z dala od matki. Znalezienie ich jest w\u00f3wczas dodatkowo utrudnione ze wzgl\u0119du na posiadane maskuj\u0105ce ubarwienie i przyleganie do pod\u0142o\u017ca w momencie niebezpiecze\u0144stwa. Z tego powodu okre\u015blanie ich liczebno\u015bci lub ich lokalizowanie w celu identyfikacji czy jakichkolwiek zabieg\u00f3w na fermach, w hodowlach prowadzonych w warunkach naturalnych b\u0105d\u017a do cel\u00f3w badawczych, jest trudne. Dzi\u0119ki r\u00f3\u017cnicy pomi\u0119dzy temperatur\u0105 otoczenia i cia\u0142a zwierz\u0105t mo\u017cliwe jest stwierdzenie obecno\u015bci m\u0142odych, kt\u00f3re uwidaczniaj\u0105 si\u0119 na termogramie, jako jasne punkty na ciemnym tle. Jest to o tyle istotne, \u017ce dzi\u0119ki termowizji mo\u017cna je lokalizowa\u0107 na pewn\u0105 odleg\u0142o\u015b\u0107, bez zb\u0119dnego p\u0142oszenia czy stresowania, zar\u00f3wno m\u0142odych, jak i ich matek.<\/p>\n","protected":false},"excerpt":{"rendered":"<p>Wsp\u00f3\u0142czesna technika pozwala na nowoczesne badania i obserwacje. Wielu mo\u017cliwo\u015bci dostarcza termowizja, kt\u00f3r\u0105 z powodzeniem mo\u017cna zastosowa\u0107 w gospodarce \u0142owieckiej i zoologii. Tak wygl\u0105da m\u00f3j pies w obrazie termowizyjnym. W najbli\u017cszym czasie zaprezentuj\u0119 wst\u0119pne wyniki moich bada\u0144 naukowych zwi\u0105zanych z &hellip; <a href=\"https:\/\/www.paweljaniszewski.pl\/?page_id=22\">Czytaj dalej <span class=\"meta-nav\">&rarr;<\/span><\/a><\/p>\n","protected":false},"author":1,"featured_media":0,"parent":0,"menu_order":0,"comment_status":"closed","ping_status":"closed","template":"","meta":[],"_links":{"self":[{"href":"https:\/\/www.paweljaniszewski.pl\/index.php?rest_route=\/wp\/v2\/pages\/22"}],"collection":[{"href":"https:\/\/www.paweljaniszewski.pl\/index.php?rest_route=\/wp\/v2\/pages"}],"about":[{"href":"https:\/\/www.paweljaniszewski.pl\/index.php?rest_route=\/wp\/v2\/types\/page"}],"author":[{"embeddable":true,"href":"https:\/\/www.paweljaniszewski.pl\/index.php?rest_route=\/wp\/v2\/users\/1"}],"replies":[{"embeddable":true,"href":"https:\/\/www.paweljaniszewski.pl\/index.php?rest_route=%2Fwp%2Fv2%2Fcomments&post=22"}],"version-history":[{"count":13,"href":"https:\/\/www.paweljaniszewski.pl\/index.php?rest_route=\/wp\/v2\/pages\/22\/revisions"}],"predecessor-version":[{"id":26,"href":"https:\/\/www.paweljaniszewski.pl\/index.php?rest_route=\/wp\/v2\/pages\/22\/revisions\/26"}],"wp:attachment":[{"href":"https:\/\/www.paweljaniszewski.pl\/index.php?rest_route=%2Fwp%2Fv2%2Fmedia&parent=22"}],"curies":[{"name":"wp","href":"https:\/\/api.w.org\/{rel}","templated":true}]}}