{"id":145,"date":"2014-04-27T19:56:09","date_gmt":"2014-04-27T19:56:09","guid":{"rendered":"http:\/\/www.paweljaniszewski.pl\/?page_id=145"},"modified":"2014-04-27T19:56:09","modified_gmt":"2014-04-27T19:56:09","slug":"wiadomosci-o-bobrach","status":"publish","type":"page","link":"https:\/\/www.paweljaniszewski.pl\/?page_id=145","title":{"rendered":"Wiadomo\u015bci o bobrach"},"content":{"rendered":"<p><strong>Wygl\u0105d zewn\u0119trzny<\/strong><\/p>\n<p>B\u00f3br europejski jest najwi\u0119kszym gryzoniem Europy i drugim (po kapibarze) z najwi\u0119kszych na \u015bwiecie. \u015arednia masa doros\u0142ych osobnik\u00f3w wynosi od 20 do 30 kg, d\u0142ugo\u015b\u0107 cia\u0142a osi\u0105ga 90-110 cm, a d\u0142ugo\u015b\u0107 ogona &#8211; 25-28 cm. W pe\u0142ni wyro\u015bni\u0119te osobniki nie przekraczaj\u0105 najcz\u0119\u015bciej jednak 1 m d\u0142ugo\u015bci i 25 kg masy cia\u0142a.<\/p>\n<p>Bobry s\u0105 zwierz\u0119tami d\u0142ugowiecznymi i na wolno\u015bci mog\u0105 \u017cy\u0107 do 30 lat. Zdolno\u015b\u0107 reprodukcji trac\u0105 w wieku 11-12 lat.<\/p>\n<p>B\u00f3br jest silnym zwierz\u0119ciem o kr\u0119pej budowie cia\u0142a, doskonale przystosowanej do ziemnowodnego trybu \u017cycia. Jego tu\u0142\u00f3w jest masywny o op\u0142ywowym kszta\u0142cie, zako\u0144czony grzbietobrzusznie sp\u0142aszczonym ogonem, pokrytym od po\u0142owy zrogowacia\u0142ym nask\u00f3rkiem, wygl\u0105dem przypominaj\u0105cym \u0142uski. Ten charakterystyczny kszta\u0142t ogona, jak r\u00f3wnie\u017c op\u0142ywowy kszta\u0142t cia\u0142a, s\u0105 uwa\u017cane za ewolucyjne przystosowania morfologiczne do bytowania bobr\u00f3w w szybko p\u0142yn\u0105cych strumieniach. Ogon pe\u0142ni rol\u0119 steru w wodzie, podpory w czasie pracy na l\u0105dzie (np. podczas \u015bcinania drzew) oraz magazynu t\u0142uszczu. Charakterystyczne i g\u0142o\u015bne uderzenie nim o tafl\u0119 wody jest sygna\u0142em ostrzegawczym. Dzi\u0119ki zwrotnemu u\u0142o\u017ceniu naczy\u0144 krwiono\u015bnych ogon pe\u0142ni tak\u017ce istotn\u0105 rol\u0119 termoregulacyjn\u0105.<\/p>\n<p>Na l\u0105dzie b\u00f3br wygl\u0105da i porusza si\u0119 niezdarnie i oci\u0119\u017cale. Gryzo\u0144 ten ma kr\u00f3tkie pi\u0119ciopalczaste ko\u0144czyny. Przednie s\u0105 ma\u0142e i chwytne, natomiast tylne s\u0105 masywne i silne, s\u0142u\u017c\u0105 g\u0142\u00f3wnie jako nap\u0119d podczas p\u0142ywania, a ich palce s\u0105 spi\u0119te b\u0142on\u0105 p\u0142awn\u0105. Drugi z palc\u00f3w ko\u0144czyny tylnej jest opatrzony podw\u00f3jnym pazurem s\u0142u\u017c\u0105cym do piel\u0119gnacji futra.<\/p>\n<p>G\u0142owa u bobr\u00f3w jest szeroka i sp\u0142aszczona od g\u00f3ry, osadzona na prawie niezaznaczonej szyi i zako\u0144czona przyt\u0119pionym pyskiem. Ma\u0142e okr\u0105g\u0142e nozdrza, brunatne oczy oraz uszy o ma\u0142ych zaokr\u0105glonych ma\u0142\u017cowinach s\u0105 osadzone wysoko. Cech\u0105 charakterystyczn\u0105 i wa\u017cn\u0105 dla bobr\u00f3w jest to, i\u017c ich nozdrza, oczy i uszy po\u0142o\u017cone s\u0105 w jednej linii na tym samym poziomie, dzi\u0119ki czemu zwierz\u0119 zdolne jest do kontrolowania tego, co si\u0119 dzieje ponad powierzchni\u0105 wody bez konieczno\u015bci ca\u0142kowitego wynurzania si\u0119. Na g\u0142owie wyst\u0119puj\u0105 rzadkie i kr\u00f3tkie w\u0142osy czuciowe, pe\u0142ni\u0105ce wa\u017cn\u0105 rol\u0119 w orientowaniu si\u0119 podczas nurkowania. D\u0142ugotrwa\u0142e i bezpieczne przebywanie pod wod\u0105 umo\u017cliwiaj\u0105 tak\u017ce specjalne fa\u0142dy sk\u00f3ry, kt\u00f3re zamykaj\u0105 kana\u0142y uszne i nosowe oraz rozdwojona g\u00f3rna warga zamykaj\u0105ca otw\u00f3r g\u0119bowy. Oczy podczas nurkowania chronione s\u0105 przezroczyst\u0105 powiek\u0105, zabezpieczaj\u0105c\u0105 je przed mechanicznymi uszkodzeniami.<\/p>\n<p>&nbsp;<\/p>\n","protected":false},"excerpt":{"rendered":"<p>Wygl\u0105d zewn\u0119trzny B\u00f3br europejski jest najwi\u0119kszym gryzoniem Europy i drugim (po kapibarze) z najwi\u0119kszych na \u015bwiecie. \u015arednia masa doros\u0142ych osobnik\u00f3w wynosi od 20 do 30 kg, d\u0142ugo\u015b\u0107 cia\u0142a osi\u0105ga 90-110 cm, a d\u0142ugo\u015b\u0107 ogona &#8211; 25-28 cm. W pe\u0142ni wyro\u015bni\u0119te &hellip; <a href=\"https:\/\/www.paweljaniszewski.pl\/?page_id=145\">Czytaj dalej <span class=\"meta-nav\">&rarr;<\/span><\/a><\/p>\n","protected":false},"author":1,"featured_media":0,"parent":0,"menu_order":0,"comment_status":"closed","ping_status":"closed","template":"","meta":[],"_links":{"self":[{"href":"https:\/\/www.paweljaniszewski.pl\/index.php?rest_route=\/wp\/v2\/pages\/145"}],"collection":[{"href":"https:\/\/www.paweljaniszewski.pl\/index.php?rest_route=\/wp\/v2\/pages"}],"about":[{"href":"https:\/\/www.paweljaniszewski.pl\/index.php?rest_route=\/wp\/v2\/types\/page"}],"author":[{"embeddable":true,"href":"https:\/\/www.paweljaniszewski.pl\/index.php?rest_route=\/wp\/v2\/users\/1"}],"replies":[{"embeddable":true,"href":"https:\/\/www.paweljaniszewski.pl\/index.php?rest_route=%2Fwp%2Fv2%2Fcomments&post=145"}],"version-history":[{"count":1,"href":"https:\/\/www.paweljaniszewski.pl\/index.php?rest_route=\/wp\/v2\/pages\/145\/revisions"}],"predecessor-version":[{"id":146,"href":"https:\/\/www.paweljaniszewski.pl\/index.php?rest_route=\/wp\/v2\/pages\/145\/revisions\/146"}],"wp:attachment":[{"href":"https:\/\/www.paweljaniszewski.pl\/index.php?rest_route=%2Fwp%2Fv2%2Fmedia&parent=145"}],"curies":[{"name":"wp","href":"https:\/\/api.w.org\/{rel}","templated":true}]}}